{"id":182,"date":"2020-12-16T02:00:09","date_gmt":"2020-12-15T23:00:09","guid":{"rendered":"http:\/\/www.okkakalibrasyon.com\/?page_id=182"},"modified":"2020-12-19T21:43:09","modified_gmt":"2020-12-19T18:43:09","slug":"talep-formu","status":"publish","type":"page","link":"https:\/\/www.okkakalibrasyon.com\/index.php\/talep-formu\/","title":{"rendered":"Muayene Talep Formu"},"content":{"rendered":"<p>[vc_row full_width=&#8221;stretch_row_content_no_spaces&#8221; wrap_container=&#8221;yes&#8221;][vc_column width=&#8221;1\/4&#8243;][vc_single_image image=&#8221;197&#8243; img_size=&#8221;full&#8221;][\/vc_column][vc_column width=&#8221;1\/2&#8243;][vc_empty_space height=&#8221;50px&#8221;][vc_column_text]Muayene ve Kalibrasyon talep formunu yandaki linke t\u0131klayarak indirebilirsiniz. \u0130ndirdi\u011finiz formu doldurduktan sonra\u00a0 <a href=\"mailto:info@okkakalibrasyon.com\">info@okkakalibrasyon.com<\/a> e-posta adresinden bize iletebilirsiniz.[\/vc_column_text][\/vc_column][vc_column width=&#8221;1\/4&#8243;][vc_empty_space height=&#8221;50px&#8221;][vc_icon icon_fontawesome=&#8221;far fa-file-word&#8221; size=&#8221;lg&#8221; link=&#8221;url:https%3A%2F%2Fwww.okkakalibrasyon.com%2Fwp-content%2Fuploads%2F2020%2F12%2Fterazi-muayene-formu.docx|target:_blank&#8221;][\/vc_column][\/vc_row]<\/p>\n","protected":false},"excerpt":{"rendered":"<p>[vc_row full_width=&#8221;stretch_row_content_no_spaces&#8221; wrap_container=&#8221;yes&#8221;][vc_column width=&#8221;1\/4&#8243;][vc_single_image image=&#8221;197&#8243; img_size=&#8221;full&#8221;][\/vc_column][vc_column width=&#8221;1\/2&#8243;][vc_empty_space height=&#8221;50px&#8221;][vc_column_text]Muayene ve Kalibrasyon talep formunu yandaki linke t\u0131klayarak indirebilirsiniz. \u0130ndirdi\u011finiz formu doldurduktan sonra\u00a0 info@okkakalibrasyon.com e-posta adresinden bize iletebilirsiniz.[\/vc_column_text][\/vc_column][vc_column width=&#8221;1\/4&#8243;][vc_empty_space height=&#8221;50px&#8221;][vc_icon icon_fontawesome=&#8221;far fa-file-word&#8221; size=&#8221;lg&#8221; link=&#8221;url:https%3A%2F%2Fwww.okkakalibrasyon.com%2Fwp-content%2Fuploads%2F2020%2F12%2Fterazi-muayene-formu.docx|target:_blank&#8221;][\/vc_column][\/vc_row]<\/p>\n","protected":false},"author":1,"featured_media":0,"parent":0,"menu_order":0,"comment_status":"closed","ping_status":"closed","template":"","meta":{"footnotes":""},"class_list":["post-182","page","type-page","status-publish","hentry"],"_links":{"self":[{"href":"https:\/\/www.okkakalibrasyon.com\/index.php\/wp-json\/wp\/v2\/pages\/182","targetHints":{"allow":["GET"]}}],"collection":[{"href":"https:\/\/www.okkakalibrasyon.com\/index.php\/wp-json\/wp\/v2\/pages"}],"about":[{"href":"https:\/\/www.okkakalibrasyon.com\/index.php\/wp-json\/wp\/v2\/types\/page"}],"author":[{"embeddable":true,"href":"https:\/\/www.okkakalibrasyon.com\/index.php\/wp-json\/wp\/v2\/users\/1"}],"replies":[{"embeddable":true,"href":"https:\/\/www.okkakalibrasyon.com\/index.php\/wp-json\/wp\/v2\/comments?post=182"}],"version-history":[{"count":13,"href":"https:\/\/www.okkakalibrasyon.com\/index.php\/wp-json\/wp\/v2\/pages\/182\/revisions"}],"predecessor-version":[{"id":247,"href":"https:\/\/www.okkakalibrasyon.com\/index.php\/wp-json\/wp\/v2\/pages\/182\/revisions\/247"}],"wp:attachment":[{"href":"https:\/\/www.okkakalibrasyon.com\/index.php\/wp-json\/wp\/v2\/media?parent=182"}],"curies":[{"name":"wp","href":"https:\/\/api.w.org\/{rel}","templated":true}]}}